{"id":101,"date":"2015-03-23T20:53:02","date_gmt":"2015-03-23T19:53:02","guid":{"rendered":"http:\/\/www.rikodermis.ch\/?page_id=101"},"modified":"2015-11-28T23:30:05","modified_gmt":"2015-11-28T22:30:05","slug":"lattexhandschuhe","status":"publish","type":"page","link":"http:\/\/www.rikodermis.ch\/fr\/domaines-d-applications\/lattexhandschuhe","title":{"rendered":"Gants en latex"},"content":{"rendered":"<p>Vous \u00eates allergiques au latex o\u00f9 autres produits ? (Gants etc.)<\/p>\n<p>Voil\u00e0 la solution ! Appliquez Derm&#8217;a Gants et vous emp\u00eacherez la r\u00e9action allergique.<\/p>\n<p>&nbsp;<\/p>\n<p>&nbsp;<\/p>","protected":false},"excerpt":{"rendered":"<p>Vous \u00eates allergiques au latex o\u00f9 autres produits ? (Gants etc.) Voil\u00e0 la solution ! Appliquez Derm&#8217;a Gants et vous emp\u00eacherez la r\u00e9action allergique. &nbsp; &nbsp;<\/p>\n","protected":false},"author":1,"featured_media":0,"parent":96,"menu_order":0,"comment_status":"closed","ping_status":"open","template":"","meta":{"_exactmetrics_skip_tracking":false,"_exactmetrics_sitenote_active":false,"_exactmetrics_sitenote_note":"","_exactmetrics_sitenote_category":0},"_links":{"self":[{"href":"http:\/\/www.rikodermis.ch\/fr\/wp-json\/wp\/v2\/pages\/101"}],"collection":[{"href":"http:\/\/www.rikodermis.ch\/fr\/wp-json\/wp\/v2\/pages"}],"about":[{"href":"http:\/\/www.rikodermis.ch\/fr\/wp-json\/wp\/v2\/types\/page"}],"author":[{"embeddable":true,"href":"http:\/\/www.rikodermis.ch\/fr\/wp-json\/wp\/v2\/users\/1"}],"replies":[{"embeddable":true,"href":"http:\/\/www.rikodermis.ch\/fr\/wp-json\/wp\/v2\/comments?post=101"}],"version-history":[{"count":6,"href":"http:\/\/www.rikodermis.ch\/fr\/wp-json\/wp\/v2\/pages\/101\/revisions"}],"predecessor-version":[{"id":138,"href":"http:\/\/www.rikodermis.ch\/fr\/wp-json\/wp\/v2\/pages\/101\/revisions\/138"}],"up":[{"embeddable":true,"href":"http:\/\/www.rikodermis.ch\/fr\/wp-json\/wp\/v2\/pages\/96"}],"wp:attachment":[{"href":"http:\/\/www.rikodermis.ch\/fr\/wp-json\/wp\/v2\/media?parent=101"}],"curies":[{"name":"wp","href":"https:\/\/api.w.org\/{rel}","templated":true}]}}