{"id":106,"date":"2015-03-23T20:59:02","date_gmt":"2015-03-23T19:59:02","guid":{"rendered":"http:\/\/www.rikodermis.ch\/?page_id=106"},"modified":"2015-11-28T23:25:26","modified_gmt":"2015-11-28T22:25:26","slug":"decoiffure","status":"publish","type":"page","link":"http:\/\/www.rikodermis.ch\/fr\/domaines-d-applications\/decoiffure","title":{"rendered":"Coiffeurs"},"content":{"rendered":"<p>Vous travaillez dans un salon de coiffure et vous avez des allergies aux mains, vu les produits agressifs?<\/p>\n<p>Voil\u00e0, nous avons la solution id\u00e9ale pour vous!<\/p>\n<p>Derm&#8217; a Gants vous prot\u00e8ge pendant 4 heures. Appliquez le 2 fois par jour, \u00a0le matin et \u00e0 midi et vous n\u2019aurez plus aucun probl\u00e8mes de mains !<\/p>\n<p>N&#8217;\u00e9sitez pas, essayez-le!<\/p>","protected":false},"excerpt":{"rendered":"<p>Vous travaillez dans un salon de coiffure et vous avez des allergies aux mains, vu les produits agressifs? Voil\u00e0, nous avons la solution id\u00e9ale pour vous! Derm&#8217; a Gants vous prot\u00e8ge pendant 4 heures. Appliquez le 2 fois par jour, \u00a0le matin et \u00e0 midi et vous n\u2019aurez plus aucun probl\u00e8mes de mains ! N&#8217;\u00e9sitez &hellip; <a href=\"http:\/\/www.rikodermis.ch\/fr\/domaines-d-applications\/decoiffure\" class=\"more-link\">Continuer la lecture de <span class=\"screen-reader-text\">Coiffeurs<\/span>  <span class=\"meta-nav\">&rarr;<\/span><\/a><\/p>\n","protected":false},"author":1,"featured_media":0,"parent":96,"menu_order":0,"comment_status":"closed","ping_status":"open","template":"","meta":{"_exactmetrics_skip_tracking":false,"_exactmetrics_sitenote_active":false,"_exactmetrics_sitenote_note":"","_exactmetrics_sitenote_category":0},"_links":{"self":[{"href":"http:\/\/www.rikodermis.ch\/fr\/wp-json\/wp\/v2\/pages\/106"}],"collection":[{"href":"http:\/\/www.rikodermis.ch\/fr\/wp-json\/wp\/v2\/pages"}],"about":[{"href":"http:\/\/www.rikodermis.ch\/fr\/wp-json\/wp\/v2\/types\/page"}],"author":[{"embeddable":true,"href":"http:\/\/www.rikodermis.ch\/fr\/wp-json\/wp\/v2\/users\/1"}],"replies":[{"embeddable":true,"href":"http:\/\/www.rikodermis.ch\/fr\/wp-json\/wp\/v2\/comments?post=106"}],"version-history":[{"count":4,"href":"http:\/\/www.rikodermis.ch\/fr\/wp-json\/wp\/v2\/pages\/106\/revisions"}],"predecessor-version":[{"id":137,"href":"http:\/\/www.rikodermis.ch\/fr\/wp-json\/wp\/v2\/pages\/106\/revisions\/137"}],"up":[{"embeddable":true,"href":"http:\/\/www.rikodermis.ch\/fr\/wp-json\/wp\/v2\/pages\/96"}],"wp:attachment":[{"href":"http:\/\/www.rikodermis.ch\/fr\/wp-json\/wp\/v2\/media?parent=106"}],"curies":[{"name":"wp","href":"https:\/\/api.w.org\/{rel}","templated":true}]}}