{"id":115,"date":"2015-03-23T21:31:10","date_gmt":"2015-03-23T20:31:10","guid":{"rendered":"http:\/\/www.rikodermis.ch\/?page_id=115"},"modified":"2015-11-28T23:34:07","modified_gmt":"2015-11-28T22:34:07","slug":"prevention","status":"publish","type":"page","link":"http:\/\/www.rikodermis.ch\/fr\/domaines-d-applications\/prevention","title":{"rendered":"Pr\u00e9vention"},"content":{"rendered":"<p>Notre concept de la pr\u00e9vention : mieux vaut pr\u00e9venir que gu\u00e9rir !<\/p>\n<p>Si vous utilisez Derm&#8217;a Gants vous prot\u00e9gez votre peau des irritations, des blessures et la gu\u00e9rison ult\u00e9rieure ne sera plus n\u00e9cessaire par d&#8217;autres produits.<\/p>","protected":false},"excerpt":{"rendered":"<p>Notre concept de la pr\u00e9vention : mieux vaut pr\u00e9venir que gu\u00e9rir ! Si vous utilisez Derm&#8217;a Gants vous prot\u00e9gez votre peau des irritations, des blessures et la gu\u00e9rison ult\u00e9rieure ne sera plus n\u00e9cessaire par d&#8217;autres produits.<\/p>\n","protected":false},"author":1,"featured_media":0,"parent":96,"menu_order":0,"comment_status":"closed","ping_status":"open","template":"","meta":{"_exactmetrics_skip_tracking":false,"_exactmetrics_sitenote_active":false,"_exactmetrics_sitenote_note":"","_exactmetrics_sitenote_category":0},"_links":{"self":[{"href":"http:\/\/www.rikodermis.ch\/fr\/wp-json\/wp\/v2\/pages\/115"}],"collection":[{"href":"http:\/\/www.rikodermis.ch\/fr\/wp-json\/wp\/v2\/pages"}],"about":[{"href":"http:\/\/www.rikodermis.ch\/fr\/wp-json\/wp\/v2\/types\/page"}],"author":[{"embeddable":true,"href":"http:\/\/www.rikodermis.ch\/fr\/wp-json\/wp\/v2\/users\/1"}],"replies":[{"embeddable":true,"href":"http:\/\/www.rikodermis.ch\/fr\/wp-json\/wp\/v2\/comments?post=115"}],"version-history":[{"count":4,"href":"http:\/\/www.rikodermis.ch\/fr\/wp-json\/wp\/v2\/pages\/115\/revisions"}],"predecessor-version":[{"id":139,"href":"http:\/\/www.rikodermis.ch\/fr\/wp-json\/wp\/v2\/pages\/115\/revisions\/139"}],"up":[{"embeddable":true,"href":"http:\/\/www.rikodermis.ch\/fr\/wp-json\/wp\/v2\/pages\/96"}],"wp:attachment":[{"href":"http:\/\/www.rikodermis.ch\/fr\/wp-json\/wp\/v2\/media?parent=115"}],"curies":[{"name":"wp","href":"https:\/\/api.w.org\/{rel}","templated":true}]}}