{"id":25,"date":"2015-03-11T23:38:24","date_gmt":"2015-03-11T22:38:24","guid":{"rendered":"http:\/\/www.rikodermis.ch\/?page_id=25"},"modified":"2021-07-23T16:20:31","modified_gmt":"2021-07-23T14:20:31","slug":"masterskin","status":"publish","type":"page","link":"http:\/\/www.rikodermis.ch\/fr\/produkte\/masterskin","title":{"rendered":"Masterskin"},"content":{"rendered":"<p>Mastersin est exactement ce que vous avez besoin, lorsque vos mains sont largement utilis\u00e9es dans le travail quotidien.<\/p>\n<p>Masterskin est facile \u00e0 utiliser et vous prot\u00e8ge les mains pendent 4 heures.<\/p>\n<p>Avec ce produit la peau continue \u00a0de respirer.<\/p>\n<p>Les bacteries ne p\u00e9n\u00e8tre plus dans les pores \u00a0et les mains se nettoyent plus facilement.<\/p>\n<p>Masterskin est id\u00e9al pour tous les hopiteaux, pharmacies, homes, m\u00e9decins etc.<\/p>\n<p><\/p>","protected":false},"excerpt":{"rendered":"<p>Mastersin est exactement ce que vous avez besoin, lorsque vos mains sont largement utilis\u00e9es dans le travail quotidien. Masterskin est facile \u00e0 utiliser et vous prot\u00e8ge les mains pendent 4 heures. Avec ce produit la peau continue \u00a0de respirer. Les bacteries ne p\u00e9n\u00e8tre plus dans les pores \u00a0et les mains se nettoyent plus facilement. Masterskin &hellip; <a href=\"http:\/\/www.rikodermis.ch\/fr\/produkte\/masterskin\" class=\"more-link\">Continuer la lecture de <span class=\"screen-reader-text\">Masterskin<\/span>  <span class=\"meta-nav\">&rarr;<\/span><\/a><\/p>\n","protected":false},"author":1,"featured_media":0,"parent":6,"menu_order":0,"comment_status":"closed","ping_status":"open","template":"","meta":{"_exactmetrics_skip_tracking":false,"_exactmetrics_sitenote_active":false,"_exactmetrics_sitenote_note":"","_exactmetrics_sitenote_category":0},"_links":{"self":[{"href":"http:\/\/www.rikodermis.ch\/fr\/wp-json\/wp\/v2\/pages\/25"}],"collection":[{"href":"http:\/\/www.rikodermis.ch\/fr\/wp-json\/wp\/v2\/pages"}],"about":[{"href":"http:\/\/www.rikodermis.ch\/fr\/wp-json\/wp\/v2\/types\/page"}],"author":[{"embeddable":true,"href":"http:\/\/www.rikodermis.ch\/fr\/wp-json\/wp\/v2\/users\/1"}],"replies":[{"embeddable":true,"href":"http:\/\/www.rikodermis.ch\/fr\/wp-json\/wp\/v2\/comments?post=25"}],"version-history":[{"count":6,"href":"http:\/\/www.rikodermis.ch\/fr\/wp-json\/wp\/v2\/pages\/25\/revisions"}],"predecessor-version":[{"id":319,"href":"http:\/\/www.rikodermis.ch\/fr\/wp-json\/wp\/v2\/pages\/25\/revisions\/319"}],"up":[{"embeddable":true,"href":"http:\/\/www.rikodermis.ch\/fr\/wp-json\/wp\/v2\/pages\/6"}],"wp:attachment":[{"href":"http:\/\/www.rikodermis.ch\/fr\/wp-json\/wp\/v2\/media?parent=25"}],"curies":[{"name":"wp","href":"https:\/\/api.w.org\/{rel}","templated":true}]}}