{"id":59,"date":"2015-03-12T01:26:23","date_gmt":"2015-03-12T00:26:23","guid":{"rendered":"http:\/\/www.rikodermis.ch\/?post_type=product&#038;p=59"},"modified":"2024-07-06T11:24:21","modified_gmt":"2024-07-06T09:24:21","slug":"derm-a-gant-wandspender-leer","status":"publish","type":"product","link":"http:\/\/www.rikodermis.ch\/fr\/produkt\/derm-a-gant-wandspender-leer","title":{"rendered":"Distributeur blanc \u00e0 tirette (vide)"},"content":{"rendered":"<p><span class=\"Apple-converted-space\">\u00a0<\/span>Pratique: Remplissage facile et direct<br \/>\n\u2022 Economique : consommation contr\u00f4l\u00e9e du savon<br \/>\n\u2022 Id\u00e9al pour les milieux industriels<br \/>\n\u2022 La pompe peut \u00eatre chang\u00e9e ais\u00e9ment<br \/>\n\u2022 Solide pour usage intense<br \/>\n\u2022 Distribution de savon: 0.6ml<br \/>\n\u2022 Fixation \u00e0 vis<\/p>","protected":false},"excerpt":{"rendered":"<p>Distributeur blanc \u00e0 tirette tr\u00e8s pratique<\/p>\n","protected":false},"featured_media":31,"comment_status":"open","ping_status":"closed","template":"","meta":{"_exactmetrics_skip_tracking":false,"_exactmetrics_sitenote_active":false,"_exactmetrics_sitenote_note":"","_exactmetrics_sitenote_category":0},"_links":{"self":[{"href":"http:\/\/www.rikodermis.ch\/fr\/wp-json\/wp\/v2\/product\/59"}],"collection":[{"href":"http:\/\/www.rikodermis.ch\/fr\/wp-json\/wp\/v2\/product"}],"about":[{"href":"http:\/\/www.rikodermis.ch\/fr\/wp-json\/wp\/v2\/types\/product"}],"replies":[{"embeddable":true,"href":"http:\/\/www.rikodermis.ch\/fr\/wp-json\/wp\/v2\/comments?post=59"}],"wp:featuredmedia":[{"embeddable":true,"href":"http:\/\/www.rikodermis.ch\/fr\/wp-json\/wp\/v2\/media\/31"}],"wp:attachment":[{"href":"http:\/\/www.rikodermis.ch\/fr\/wp-json\/wp\/v2\/media?parent=59"}],"curies":[{"name":"wp","href":"https:\/\/api.w.org\/{rel}","templated":true}]}}